{"id":260,"date":"2025-10-18T20:57:11","date_gmt":"2025-10-19T01:57:11","guid":{"rendered":"https:\/\/provocadoresdesonrisas.com\/?post_type=product&#038;p=260"},"modified":"2025-10-20T16:25:05","modified_gmt":"2025-10-20T21:25:05","slug":"ebook-dios-creo-a-los-animales-para-ninos","status":"publish","type":"product","link":"https:\/\/provocadoresdesonrisas.com\/?product=ebook-dios-creo-a-los-animales-para-ninos","title":{"rendered":"Pack Ebooks para ni\u00f1os inspirados en G\u00e9nesis"},"content":{"rendered":"","protected":false},"excerpt":{"rendered":"<p><span dir=\"auto\" style=\"vertical-align: inherit;\"><span dir=\"auto\" style=\"vertical-align: inherit;\"><span dir=\"auto\" style=\"vertical-align: inherit;\"><span dir=\"auto\" style=\"vertical-align: inherit;\">Pack de libros digitales para ni\u00f1os en formato PDF:<\/span><\/span><\/span><\/span><\/p>\n<ul>\n<li><span dir=\"auto\" style=\"vertical-align: inherit;\"><span dir=\"auto\" style=\"vertical-align: inherit;\"><span dir=\"auto\" style=\"vertical-align: inherit;\"><span dir=\"auto\" style=\"vertical-align: inherit;\">Libro electr\u00f3nico: G\u00e9nesis TLA<\/span><\/span><\/span><\/span><\/li>\n<li><span dir=\"auto\" style=\"vertical-align: inherit;\"><span dir=\"auto\" style=\"vertical-align: inherit;\"><span dir=\"auto\" style=\"vertical-align: inherit;\"><span dir=\"auto\" style=\"vertical-align: inherit;\">2. Libro electr\u00f3nico ilustrado: Dios cre\u00f3 a los animales.<\/span><\/span><\/span><\/span><\/li>\n<li><span dir=\"auto\" style=\"vertical-align: inherit;\"><span dir=\"auto\" style=\"vertical-align: inherit;\"><span dir=\"auto\" style=\"vertical-align: inherit;\"><span dir=\"auto\" style=\"vertical-align: inherit;\">Cartilla de actividades para imprimir en tama\u00f1o carta, blanco y negro.<\/span><\/span><\/span><\/span><\/li>\n<\/ul>\n<p>&nbsp;<\/p>\n<ol>\n<li><span dir=\"auto\" style=\"vertical-align: inherit;\"><span dir=\"auto\" style=\"vertical-align: inherit;\"><span dir=\"auto\" style=\"vertical-align: inherit;\"><span dir=\"auto\" style=\"vertical-align: inherit;\">G\u00e9nesis en versi\u00f3n Traducci\u00f3n Lenguaje Actual con ilustraciones<\/span><\/span><\/span><\/span><\/li>\n<li><span dir=\"auto\" style=\"vertical-align: inherit;\"><span dir=\"auto\" style=\"vertical-align: inherit;\"><span dir=\"auto\" style=\"vertical-align: inherit;\"><span dir=\"auto\" style=\"vertical-align: inherit;\">Dios cre\u00f3 a los animales: Inspirados en G\u00e9nesis 1:20-25<\/span><\/span><\/span><\/span><\/li>\n<li><span dir=\"auto\" style=\"vertical-align: inherit;\"><span dir=\"auto\" style=\"vertical-align: inherit;\"><span dir=\"auto\" style=\"vertical-align: inherit;\"><span dir=\"auto\" style=\"vertical-align: inherit;\">Cartilla de actividades<\/span><\/span><\/span><\/span><\/li>\n<\/ol>\n<p><span dir=\"auto\" style=\"vertical-align: inherit;\"><span dir=\"auto\" style=\"vertical-align: inherit;\"><span dir=\"auto\" style=\"vertical-align: inherit;\"><span dir=\"auto\" style=\"vertical-align: inherit;\">Relatos en la biblia nos inspiran a crear contenido creativo para motivar la lectura de la biblia en los ni\u00f1os.<\/span><\/span><\/span><\/span><\/p>\n","protected":false},"featured_media":268,"template":"","meta":{"give_campaign_id":0},"product_brand":[],"product_cat":[20,21,27],"product_tag":[],"class_list":{"0":"post-260","1":"product","2":"type-product","3":"status-publish","4":"has-post-thumbnail","6":"product_cat-libros","7":"product_cat-libros-de-la-biblia","8":"product_cat-ninos-2","10":"first","11":"instock","12":"downloadable","13":"virtual","14":"purchasable","15":"product-type-simple"},"jetpack_sharing_enabled":true,"_links":{"self":[{"href":"https:\/\/provocadoresdesonrisas.com\/index.php?rest_route=\/wp\/v2\/product\/260","targetHints":{"allow":["GET"]}}],"collection":[{"href":"https:\/\/provocadoresdesonrisas.com\/index.php?rest_route=\/wp\/v2\/product"}],"about":[{"href":"https:\/\/provocadoresdesonrisas.com\/index.php?rest_route=\/wp\/v2\/types\/product"}],"wp:featuredmedia":[{"embeddable":true,"href":"https:\/\/provocadoresdesonrisas.com\/index.php?rest_route=\/wp\/v2\/media\/268"}],"wp:attachment":[{"href":"https:\/\/provocadoresdesonrisas.com\/index.php?rest_route=%2Fwp%2Fv2%2Fmedia&parent=260"}],"wp:term":[{"taxonomy":"product_brand","embeddable":true,"href":"https:\/\/provocadoresdesonrisas.com\/index.php?rest_route=%2Fwp%2Fv2%2Fproduct_brand&post=260"},{"taxonomy":"product_cat","embeddable":true,"href":"https:\/\/provocadoresdesonrisas.com\/index.php?rest_route=%2Fwp%2Fv2%2Fproduct_cat&post=260"},{"taxonomy":"product_tag","embeddable":true,"href":"https:\/\/provocadoresdesonrisas.com\/index.php?rest_route=%2Fwp%2Fv2%2Fproduct_tag&post=260"}],"curies":[{"name":"wp","href":"https:\/\/api.w.org\/{rel}","templated":true}]}}